{"id":18441,"date":"2024-07-04T09:12:56","date_gmt":"2024-07-04T07:12:56","guid":{"rendered":"https:\/\/www.pentarealestate.com\/thank-you\/"},"modified":"2024-08-27T09:42:16","modified_gmt":"2024-08-27T07:42:16","slug":"dakujeme-kariera","status":"publish","type":"page","link":"https:\/\/www.pentarealestate.com\/sk\/dakujeme-kariera\/","title":{"rendered":"V\u00e1\u0161 \u017eivotopis bol \u00faspe\u0161ne odoslan\u00fd"},"content":{"rendered":"<p>Te\u0161\u00edme sa V\u00e1\u0161mu z\u00e1ujmu o poz\u00edciu a z\u00e1rove\u0148 \u010fakujeme za zaslanie \u017eivotopisu.<\/p>\n<p>V pr\u00edpade, \u017ee sa Va\u0161e sk\u00fasenosti a vedomosti zhoduj\u00fa s na\u0161imi po\u017eiadavkami na dan\u00fa poz\u00edcu, budeme V\u00e1s \u010doskoro kontaktova\u0165.<\/p>\n<p>Dr\u017e\u00edme V\u00e1m palce vo v\u00fdberovom konan\u00ed!<\/p>\n","protected":false},"excerpt":{"rendered":"<p>\u010eakujeme, Va\u0161e CV bolo \u00faspe\u0161ne odoslan\u00e9. \u010coskoro V\u00e1s budeme kontaktova\u0165.<\/p>\n","protected":false},"author":1,"featured_media":0,"parent":0,"menu_order":0,"comment_status":"closed","ping_status":"closed","template":"page-thank-job.php","meta":{"_acf_changed":false,"inline_featured_image":false,"footnotes":""},"class_list":["post-18441","page","type-page","status-publish","hentry"],"acf":[],"yoast_head":"<!-- This site is optimized with the Yoast SEO plugin v27.5 - https:\/\/yoast.com\/product\/yoast-seo-wordpress\/ -->\n<title>V\u00e1\u0161 \u017eivotopis bol \u00faspe\u0161ne odoslan\u00fd - Penta Real Estate<\/title>\n<meta name=\"robots\" content=\"index, follow, max-snippet:-1, max-image-preview:large, max-video-preview:-1\" \/>\n<link rel=\"canonical\" href=\"https:\/\/www.pentarealestate.com\/sk\/dakujeme-kariera\/\" \/>\n<meta property=\"og:locale\" content=\"sk_SK\" \/>\n<meta property=\"og:type\" content=\"article\" \/>\n<meta property=\"og:title\" content=\"V\u00e1\u0161 \u017eivotopis bol \u00faspe\u0161ne odoslan\u00fd - Penta Real Estate\" \/>\n<meta property=\"og:description\" content=\"\u010eakujeme, Va\u0161e CV bolo \u00faspe\u0161ne odoslan\u00e9. \u010coskoro V\u00e1s budeme kontaktova\u0165.\" \/>\n<meta property=\"og:url\" content=\"https:\/\/www.pentarealestate.com\/sk\/dakujeme-kariera\/\" \/>\n<meta property=\"og:site_name\" content=\"Penta Real Estate\" \/>\n<meta property=\"article:publisher\" content=\"https:\/\/www.facebook.com\/RealEstatePenta\/\" \/>\n<meta property=\"article:modified_time\" content=\"2024-08-27T07:42:16+00:00\" \/>\n<meta property=\"og:image\" content=\"https:\/\/www.pentarealestate.com\/wp-content\/uploads\/2024\/05\/1-1-scaled.jpg\" \/>\n\t<meta property=\"og:image:width\" content=\"2560\" \/>\n\t<meta property=\"og:image:height\" content=\"1706\" \/>\n\t<meta property=\"og:image:type\" content=\"image\/jpeg\" \/>\n<meta name=\"twitter:card\" content=\"summary_large_image\" \/>\n<meta name=\"twitter:label1\" content=\"Predpokladan\u00fd \u010das \u010d\u00edtania\" \/>\n\t<meta name=\"twitter:data1\" content=\"1 min\u00fata\" \/>\n<script type=\"application\/ld+json\" class=\"yoast-schema-graph\">{\"@context\":\"https:\\\/\\\/schema.org\",\"@graph\":[{\"@type\":\"WebPage\",\"@id\":\"https:\\\/\\\/www.pentarealestate.com\\\/sk\\\/dakujeme-kariera\\\/\",\"url\":\"https:\\\/\\\/www.pentarealestate.com\\\/sk\\\/dakujeme-kariera\\\/\",\"name\":\"V\u00e1\u0161 \u017eivotopis bol \u00faspe\u0161ne odoslan\u00fd - Penta Real Estate\",\"isPartOf\":{\"@id\":\"https:\\\/\\\/www.pentarealestate.com\\\/sk\\\/#website\"},\"datePublished\":\"2024-07-04T07:12:56+00:00\",\"dateModified\":\"2024-08-27T07:42:16+00:00\",\"breadcrumb\":{\"@id\":\"https:\\\/\\\/www.pentarealestate.com\\\/sk\\\/dakujeme-kariera\\\/#breadcrumb\"},\"inLanguage\":\"sk-SK\",\"potentialAction\":[{\"@type\":\"ReadAction\",\"target\":[\"https:\\\/\\\/www.pentarealestate.com\\\/sk\\\/dakujeme-kariera\\\/\"]}]},{\"@type\":\"BreadcrumbList\",\"@id\":\"https:\\\/\\\/www.pentarealestate.com\\\/sk\\\/dakujeme-kariera\\\/#breadcrumb\",\"itemListElement\":[{\"@type\":\"ListItem\",\"position\":1,\"name\":\"Home\",\"item\":\"https:\\\/\\\/www.pentarealestate.com\\\/sk\\\/\"},{\"@type\":\"ListItem\",\"position\":2,\"name\":\"V\u00e1\u0161 \u017eivotopis bol \u00faspe\u0161ne odoslan\u00fd\"}]},{\"@type\":\"WebSite\",\"@id\":\"https:\\\/\\\/www.pentarealestate.com\\\/sk\\\/#website\",\"url\":\"https:\\\/\\\/www.pentarealestate.com\\\/sk\\\/\",\"name\":\"Penta Real Estate\",\"description\":\"Courage to Create\",\"potentialAction\":[{\"@type\":\"SearchAction\",\"target\":{\"@type\":\"EntryPoint\",\"urlTemplate\":\"https:\\\/\\\/www.pentarealestate.com\\\/sk\\\/?s={search_term_string}\"},\"query-input\":{\"@type\":\"PropertyValueSpecification\",\"valueRequired\":true,\"valueName\":\"search_term_string\"}}],\"inLanguage\":\"sk-SK\"}]}<\/script>\n<!-- \/ Yoast SEO plugin. -->","yoast_head_json":{"title":"V\u00e1\u0161 \u017eivotopis bol \u00faspe\u0161ne odoslan\u00fd - Penta Real Estate","robots":{"index":"index","follow":"follow","max-snippet":"max-snippet:-1","max-image-preview":"max-image-preview:large","max-video-preview":"max-video-preview:-1"},"canonical":"https:\/\/www.pentarealestate.com\/sk\/dakujeme-kariera\/","og_locale":"sk_SK","og_type":"article","og_title":"V\u00e1\u0161 \u017eivotopis bol \u00faspe\u0161ne odoslan\u00fd - Penta Real Estate","og_description":"\u010eakujeme, Va\u0161e CV bolo \u00faspe\u0161ne odoslan\u00e9. \u010coskoro V\u00e1s budeme kontaktova\u0165.","og_url":"https:\/\/www.pentarealestate.com\/sk\/dakujeme-kariera\/","og_site_name":"Penta Real Estate","article_publisher":"https:\/\/www.facebook.com\/RealEstatePenta\/","article_modified_time":"2024-08-27T07:42:16+00:00","og_image":[{"width":2560,"height":1706,"url":"https:\/\/www.pentarealestate.com\/wp-content\/uploads\/2024\/05\/1-1-scaled.jpg","type":"image\/jpeg"}],"twitter_card":"summary_large_image","twitter_misc":{"Predpokladan\u00fd \u010das \u010d\u00edtania":"1 min\u00fata"},"schema":{"@context":"https:\/\/schema.org","@graph":[{"@type":"WebPage","@id":"https:\/\/www.pentarealestate.com\/sk\/dakujeme-kariera\/","url":"https:\/\/www.pentarealestate.com\/sk\/dakujeme-kariera\/","name":"V\u00e1\u0161 \u017eivotopis bol \u00faspe\u0161ne odoslan\u00fd - Penta Real Estate","isPartOf":{"@id":"https:\/\/www.pentarealestate.com\/sk\/#website"},"datePublished":"2024-07-04T07:12:56+00:00","dateModified":"2024-08-27T07:42:16+00:00","breadcrumb":{"@id":"https:\/\/www.pentarealestate.com\/sk\/dakujeme-kariera\/#breadcrumb"},"inLanguage":"sk-SK","potentialAction":[{"@type":"ReadAction","target":["https:\/\/www.pentarealestate.com\/sk\/dakujeme-kariera\/"]}]},{"@type":"BreadcrumbList","@id":"https:\/\/www.pentarealestate.com\/sk\/dakujeme-kariera\/#breadcrumb","itemListElement":[{"@type":"ListItem","position":1,"name":"Home","item":"https:\/\/www.pentarealestate.com\/sk\/"},{"@type":"ListItem","position":2,"name":"V\u00e1\u0161 \u017eivotopis bol \u00faspe\u0161ne odoslan\u00fd"}]},{"@type":"WebSite","@id":"https:\/\/www.pentarealestate.com\/sk\/#website","url":"https:\/\/www.pentarealestate.com\/sk\/","name":"Penta Real Estate","description":"Courage to Create","potentialAction":[{"@type":"SearchAction","target":{"@type":"EntryPoint","urlTemplate":"https:\/\/www.pentarealestate.com\/sk\/?s={search_term_string}"},"query-input":{"@type":"PropertyValueSpecification","valueRequired":true,"valueName":"search_term_string"}}],"inLanguage":"sk-SK"}]}},"_links":{"self":[{"href":"https:\/\/www.pentarealestate.com\/sk\/wp-json\/wp\/v2\/pages\/18441","targetHints":{"allow":["GET"]}}],"collection":[{"href":"https:\/\/www.pentarealestate.com\/sk\/wp-json\/wp\/v2\/pages"}],"about":[{"href":"https:\/\/www.pentarealestate.com\/sk\/wp-json\/wp\/v2\/types\/page"}],"author":[{"embeddable":true,"href":"https:\/\/www.pentarealestate.com\/sk\/wp-json\/wp\/v2\/users\/1"}],"replies":[{"embeddable":true,"href":"https:\/\/www.pentarealestate.com\/sk\/wp-json\/wp\/v2\/comments?post=18441"}],"version-history":[{"count":2,"href":"https:\/\/www.pentarealestate.com\/sk\/wp-json\/wp\/v2\/pages\/18441\/revisions"}],"predecessor-version":[{"id":19028,"href":"https:\/\/www.pentarealestate.com\/sk\/wp-json\/wp\/v2\/pages\/18441\/revisions\/19028"}],"wp:attachment":[{"href":"https:\/\/www.pentarealestate.com\/sk\/wp-json\/wp\/v2\/media?parent=18441"}],"curies":[{"name":"wp","href":"https:\/\/api.w.org\/{rel}","templated":true}]}}