{"id":17542,"date":"2024-03-18T15:38:19","date_gmt":"2024-03-18T14:38:19","guid":{"rendered":"https:\/\/www.pentarealestate.com\/home\/"},"modified":"2025-10-31T13:32:47","modified_gmt":"2025-10-31T12:32:47","slug":"domov","status":"publish","type":"page","link":"https:\/\/www.pentarealestate.com\/sk\/","title":{"rendered":"Domov"},"content":{"rendered":"","protected":false},"excerpt":{"rendered":"","protected":false},"author":1,"featured_media":17929,"parent":0,"menu_order":0,"comment_status":"closed","ping_status":"open","template":"index.php","meta":{"_acf_changed":false,"inline_featured_image":false,"footnotes":""},"class_list":["post-17542","page","type-page","status-publish","has-post-thumbnail","hentry"],"acf":[],"yoast_head":"<!-- This site is optimized with the Yoast SEO plugin v27.5 - https:\/\/yoast.com\/product\/yoast-seo-wordpress\/ -->\n<title>Penta Real Estate - Courage to Create<\/title>\n<meta name=\"description\" content=\"Penta Real Estate je realitn\u00e1 div\u00edzia skupiny Penta. Na\u0161e projekty, ktor\u00e9 realizujeme hlavne na Slovensku, v \u010cech\u00e1ch a Po\u013esku, s\u00fa pravidelne oce\u0148ovan\u00e9 nie len odbornou verejnos\u0165ou, ale aj klientami a laikmi a to pre svoju inovat\u00edvnu architekt\u00faru, nad\u010dasov\u00fd a funk\u010dn\u00fd dizajn, cit pre urbanizmus, kvalitu a vysok\u00fa investi\u010dn\u00fa hodnotu.\" \/>\n<meta name=\"robots\" content=\"index, follow, max-snippet:-1, max-image-preview:large, max-video-preview:-1\" \/>\n<link rel=\"canonical\" href=\"https:\/\/www.pentarealestate.com\/sk\/\" \/>\n<meta property=\"og:locale\" content=\"sk_SK\" \/>\n<meta property=\"og:type\" content=\"article\" \/>\n<meta property=\"og:title\" content=\"Penta Real Estate - Courage to Create\" \/>\n<meta property=\"og:description\" content=\"Penta Real Estate je realitn\u00e1 div\u00edzia skupiny Penta. Na\u0161e projekty, ktor\u00e9 realizujeme hlavne na Slovensku, v \u010cech\u00e1ch a Po\u013esku, s\u00fa pravidelne oce\u0148ovan\u00e9 nie len odbornou verejnos\u0165ou, ale aj klientami a laikmi a to pre svoju inovat\u00edvnu architekt\u00faru, nad\u010dasov\u00fd a funk\u010dn\u00fd dizajn, cit pre urbanizmus, kvalitu a vysok\u00fa investi\u010dn\u00fa hodnotu.\" \/>\n<meta property=\"og:url\" content=\"https:\/\/www.pentarealestate.com\/sk\/\" \/>\n<meta property=\"og:site_name\" content=\"Penta Real Estate\" \/>\n<meta property=\"article:publisher\" content=\"https:\/\/www.facebook.com\/RealEstatePenta\/\" \/>\n<meta property=\"article:modified_time\" content=\"2025-10-31T12:32:47+00:00\" \/>\n<meta property=\"og:image\" content=\"https:\/\/www.pentarealestate.com\/wp-content\/uploads\/2024\/05\/1-1-scaled.jpg\" \/>\n\t<meta property=\"og:image:width\" content=\"2560\" \/>\n\t<meta property=\"og:image:height\" content=\"1706\" \/>\n\t<meta property=\"og:image:type\" content=\"image\/jpeg\" \/>\n<meta name=\"twitter:card\" content=\"summary_large_image\" \/>\n<meta name=\"twitter:label1\" content=\"Predpokladan\u00fd \u010das \u010d\u00edtania\" \/>\n\t<meta name=\"twitter:data1\" content=\"9 min\u00fat\" \/>\n<script type=\"application\/ld+json\" class=\"yoast-schema-graph\">{\"@context\":\"https:\\\/\\\/schema.org\",\"@graph\":[{\"@type\":\"WebPage\",\"@id\":\"https:\\\/\\\/www.pentarealestate.com\\\/sk\\\/\",\"url\":\"https:\\\/\\\/www.pentarealestate.com\\\/sk\\\/\",\"name\":\"Penta Real Estate - Courage to Create\",\"isPartOf\":{\"@id\":\"https:\\\/\\\/www.pentarealestate.com\\\/sk\\\/#website\"},\"primaryImageOfPage\":{\"@id\":\"https:\\\/\\\/www.pentarealestate.com\\\/sk\\\/#primaryimage\"},\"image\":{\"@id\":\"https:\\\/\\\/www.pentarealestate.com\\\/sk\\\/#primaryimage\"},\"thumbnailUrl\":\"https:\\\/\\\/www.pentarealestate.com\\\/wp-content\\\/uploads\\\/2024\\\/05\\\/1-1-scaled.jpg\",\"datePublished\":\"2024-03-18T14:38:19+00:00\",\"dateModified\":\"2025-10-31T12:32:47+00:00\",\"description\":\"Penta Real Estate je realitn\u00e1 div\u00edzia skupiny Penta. Na\u0161e projekty, ktor\u00e9 realizujeme hlavne na Slovensku, v \u010cech\u00e1ch a Po\u013esku, s\u00fa pravidelne oce\u0148ovan\u00e9 nie len odbornou verejnos\u0165ou, ale aj klientami a laikmi a to pre svoju inovat\u00edvnu architekt\u00faru, nad\u010dasov\u00fd a funk\u010dn\u00fd dizajn, cit pre urbanizmus, kvalitu a vysok\u00fa investi\u010dn\u00fa hodnotu.\",\"breadcrumb\":{\"@id\":\"https:\\\/\\\/www.pentarealestate.com\\\/sk\\\/#breadcrumb\"},\"inLanguage\":\"sk-SK\",\"potentialAction\":[{\"@type\":\"ReadAction\",\"target\":[\"https:\\\/\\\/www.pentarealestate.com\\\/sk\\\/\"]}]},{\"@type\":\"ImageObject\",\"inLanguage\":\"sk-SK\",\"@id\":\"https:\\\/\\\/www.pentarealestate.com\\\/sk\\\/#primaryimage\",\"url\":\"https:\\\/\\\/www.pentarealestate.com\\\/wp-content\\\/uploads\\\/2024\\\/05\\\/1-1-scaled.jpg\",\"contentUrl\":\"https:\\\/\\\/www.pentarealestate.com\\\/wp-content\\\/uploads\\\/2024\\\/05\\\/1-1-scaled.jpg\",\"width\":2560,\"height\":1706},{\"@type\":\"BreadcrumbList\",\"@id\":\"https:\\\/\\\/www.pentarealestate.com\\\/sk\\\/#breadcrumb\",\"itemListElement\":[{\"@type\":\"ListItem\",\"position\":1,\"name\":\"Home\",\"item\":\"https:\\\/\\\/www.pentarealestate.com\\\/sk\\\/\"},{\"@type\":\"ListItem\",\"position\":2,\"name\":\"Domov\"}]},{\"@type\":\"WebSite\",\"@id\":\"https:\\\/\\\/www.pentarealestate.com\\\/sk\\\/#website\",\"url\":\"https:\\\/\\\/www.pentarealestate.com\\\/sk\\\/\",\"name\":\"Penta Real Estate\",\"description\":\"Courage to Create\",\"potentialAction\":[{\"@type\":\"SearchAction\",\"target\":{\"@type\":\"EntryPoint\",\"urlTemplate\":\"https:\\\/\\\/www.pentarealestate.com\\\/sk\\\/?s={search_term_string}\"},\"query-input\":{\"@type\":\"PropertyValueSpecification\",\"valueRequired\":true,\"valueName\":\"search_term_string\"}}],\"inLanguage\":\"sk-SK\"}]}<\/script>\n<!-- \/ Yoast SEO plugin. -->","yoast_head_json":{"title":"Penta Real Estate - Courage to Create","description":"Penta Real Estate je realitn\u00e1 div\u00edzia skupiny Penta. Na\u0161e projekty, ktor\u00e9 realizujeme hlavne na Slovensku, v \u010cech\u00e1ch a Po\u013esku, s\u00fa pravidelne oce\u0148ovan\u00e9 nie len odbornou verejnos\u0165ou, ale aj klientami a laikmi a to pre svoju inovat\u00edvnu architekt\u00faru, nad\u010dasov\u00fd a funk\u010dn\u00fd dizajn, cit pre urbanizmus, kvalitu a vysok\u00fa investi\u010dn\u00fa hodnotu.","robots":{"index":"index","follow":"follow","max-snippet":"max-snippet:-1","max-image-preview":"max-image-preview:large","max-video-preview":"max-video-preview:-1"},"canonical":"https:\/\/www.pentarealestate.com\/sk\/","og_locale":"sk_SK","og_type":"article","og_title":"Penta Real Estate - Courage to Create","og_description":"Penta Real Estate je realitn\u00e1 div\u00edzia skupiny Penta. Na\u0161e projekty, ktor\u00e9 realizujeme hlavne na Slovensku, v \u010cech\u00e1ch a Po\u013esku, s\u00fa pravidelne oce\u0148ovan\u00e9 nie len odbornou verejnos\u0165ou, ale aj klientami a laikmi a to pre svoju inovat\u00edvnu architekt\u00faru, nad\u010dasov\u00fd a funk\u010dn\u00fd dizajn, cit pre urbanizmus, kvalitu a vysok\u00fa investi\u010dn\u00fa hodnotu.","og_url":"https:\/\/www.pentarealestate.com\/sk\/","og_site_name":"Penta Real Estate","article_publisher":"https:\/\/www.facebook.com\/RealEstatePenta\/","article_modified_time":"2025-10-31T12:32:47+00:00","og_image":[{"width":2560,"height":1706,"url":"https:\/\/www.pentarealestate.com\/wp-content\/uploads\/2024\/05\/1-1-scaled.jpg","type":"image\/jpeg"}],"twitter_card":"summary_large_image","twitter_misc":{"Predpokladan\u00fd \u010das \u010d\u00edtania":"9 min\u00fat"},"schema":{"@context":"https:\/\/schema.org","@graph":[{"@type":"WebPage","@id":"https:\/\/www.pentarealestate.com\/sk\/","url":"https:\/\/www.pentarealestate.com\/sk\/","name":"Penta Real Estate - Courage to Create","isPartOf":{"@id":"https:\/\/www.pentarealestate.com\/sk\/#website"},"primaryImageOfPage":{"@id":"https:\/\/www.pentarealestate.com\/sk\/#primaryimage"},"image":{"@id":"https:\/\/www.pentarealestate.com\/sk\/#primaryimage"},"thumbnailUrl":"https:\/\/www.pentarealestate.com\/wp-content\/uploads\/2024\/05\/1-1-scaled.jpg","datePublished":"2024-03-18T14:38:19+00:00","dateModified":"2025-10-31T12:32:47+00:00","description":"Penta Real Estate je realitn\u00e1 div\u00edzia skupiny Penta. Na\u0161e projekty, ktor\u00e9 realizujeme hlavne na Slovensku, v \u010cech\u00e1ch a Po\u013esku, s\u00fa pravidelne oce\u0148ovan\u00e9 nie len odbornou verejnos\u0165ou, ale aj klientami a laikmi a to pre svoju inovat\u00edvnu architekt\u00faru, nad\u010dasov\u00fd a funk\u010dn\u00fd dizajn, cit pre urbanizmus, kvalitu a vysok\u00fa investi\u010dn\u00fa hodnotu.","breadcrumb":{"@id":"https:\/\/www.pentarealestate.com\/sk\/#breadcrumb"},"inLanguage":"sk-SK","potentialAction":[{"@type":"ReadAction","target":["https:\/\/www.pentarealestate.com\/sk\/"]}]},{"@type":"ImageObject","inLanguage":"sk-SK","@id":"https:\/\/www.pentarealestate.com\/sk\/#primaryimage","url":"https:\/\/www.pentarealestate.com\/wp-content\/uploads\/2024\/05\/1-1-scaled.jpg","contentUrl":"https:\/\/www.pentarealestate.com\/wp-content\/uploads\/2024\/05\/1-1-scaled.jpg","width":2560,"height":1706},{"@type":"BreadcrumbList","@id":"https:\/\/www.pentarealestate.com\/sk\/#breadcrumb","itemListElement":[{"@type":"ListItem","position":1,"name":"Home","item":"https:\/\/www.pentarealestate.com\/sk\/"},{"@type":"ListItem","position":2,"name":"Domov"}]},{"@type":"WebSite","@id":"https:\/\/www.pentarealestate.com\/sk\/#website","url":"https:\/\/www.pentarealestate.com\/sk\/","name":"Penta Real Estate","description":"Courage to Create","potentialAction":[{"@type":"SearchAction","target":{"@type":"EntryPoint","urlTemplate":"https:\/\/www.pentarealestate.com\/sk\/?s={search_term_string}"},"query-input":{"@type":"PropertyValueSpecification","valueRequired":true,"valueName":"search_term_string"}}],"inLanguage":"sk-SK"}]}},"_links":{"self":[{"href":"https:\/\/www.pentarealestate.com\/sk\/wp-json\/wp\/v2\/pages\/17542","targetHints":{"allow":["GET"]}}],"collection":[{"href":"https:\/\/www.pentarealestate.com\/sk\/wp-json\/wp\/v2\/pages"}],"about":[{"href":"https:\/\/www.pentarealestate.com\/sk\/wp-json\/wp\/v2\/types\/page"}],"author":[{"embeddable":true,"href":"https:\/\/www.pentarealestate.com\/sk\/wp-json\/wp\/v2\/users\/1"}],"replies":[{"embeddable":true,"href":"https:\/\/www.pentarealestate.com\/sk\/wp-json\/wp\/v2\/comments?post=17542"}],"version-history":[{"count":13,"href":"https:\/\/www.pentarealestate.com\/sk\/wp-json\/wp\/v2\/pages\/17542\/revisions"}],"predecessor-version":[{"id":25595,"href":"https:\/\/www.pentarealestate.com\/sk\/wp-json\/wp\/v2\/pages\/17542\/revisions\/25595"}],"wp:featuredmedia":[{"embeddable":true,"href":"https:\/\/www.pentarealestate.com\/sk\/wp-json\/wp\/v2\/media\/17929"}],"wp:attachment":[{"href":"https:\/\/www.pentarealestate.com\/sk\/wp-json\/wp\/v2\/media?parent=17542"}],"curies":[{"name":"wp","href":"https:\/\/api.w.org\/{rel}","templated":true}]}}