{"id":15652,"date":"2024-04-20T10:09:04","date_gmt":"2024-04-20T08:09:04","guid":{"rendered":"https:\/\/www.pentarealestate.com\/career\/"},"modified":"2026-04-08T11:22:59","modified_gmt":"2026-04-08T09:22:59","slug":"kariera","status":"publish","type":"page","link":"https:\/\/www.pentarealestate.com\/sk\/kariera\/","title":{"rendered":"Kari\u00e9ra"},"content":{"rendered":"","protected":false},"excerpt":{"rendered":"","protected":false},"author":1,"featured_media":16613,"parent":0,"menu_order":0,"comment_status":"closed","ping_status":"closed","template":"page-career.php","meta":{"_acf_changed":false,"inline_featured_image":false,"footnotes":""},"class_list":["post-15652","page","type-page","status-publish","has-post-thumbnail","hentry"],"acf":[],"yoast_head":"<!-- This site is optimized with the Yoast SEO plugin v27.5 - https:\/\/yoast.com\/product\/yoast-seo-wordpress\/ -->\n<title>Kari\u00e9ra - Penta Real Estate<\/title>\n<meta name=\"description\" content=\"Our mission is to create. It is more than just a job; it is about having the courage to break free from established patterns, bringing modern architecture and functional urbanism to forgotten places in the hearts of capital cities.\" \/>\n<meta name=\"robots\" content=\"index, follow, max-snippet:-1, max-image-preview:large, max-video-preview:-1\" \/>\n<link rel=\"canonical\" href=\"https:\/\/www.pentarealestate.com\/sk\/kariera\/\" \/>\n<meta property=\"og:locale\" content=\"sk_SK\" \/>\n<meta property=\"og:type\" content=\"article\" \/>\n<meta property=\"og:title\" content=\"Kari\u00e9ra - Penta Real Estate\" \/>\n<meta property=\"og:description\" content=\"Our mission is to create. It is more than just a job; it is about having the courage to break free from established patterns, bringing modern architecture and functional urbanism to forgotten places in the hearts of capital cities.\" \/>\n<meta property=\"og:url\" content=\"https:\/\/www.pentarealestate.com\/sk\/kariera\/\" \/>\n<meta property=\"og:site_name\" content=\"Penta Real Estate\" \/>\n<meta property=\"article:publisher\" content=\"https:\/\/www.facebook.com\/RealEstatePenta\/\" \/>\n<meta property=\"article:modified_time\" content=\"2026-04-08T09:22:59+00:00\" \/>\n<meta property=\"og:image\" content=\"https:\/\/www.pentarealestate.com\/wp-content\/uploads\/2024\/05\/dsc08253-scaled.jpg\" \/>\n\t<meta property=\"og:image:width\" content=\"2560\" \/>\n\t<meta property=\"og:image:height\" content=\"1707\" \/>\n\t<meta property=\"og:image:type\" content=\"image\/jpeg\" \/>\n<meta name=\"twitter:card\" content=\"summary_large_image\" \/>\n<meta name=\"twitter:label1\" content=\"Predpokladan\u00fd \u010das \u010d\u00edtania\" \/>\n\t<meta name=\"twitter:data1\" content=\"9 min\u00fat\" \/>\n<script type=\"application\/ld+json\" class=\"yoast-schema-graph\">{\"@context\":\"https:\\\/\\\/schema.org\",\"@graph\":[{\"@type\":\"WebPage\",\"@id\":\"https:\\\/\\\/www.pentarealestate.com\\\/sk\\\/kariera\\\/\",\"url\":\"https:\\\/\\\/www.pentarealestate.com\\\/sk\\\/kariera\\\/\",\"name\":\"Kari\u00e9ra - Penta Real Estate\",\"isPartOf\":{\"@id\":\"https:\\\/\\\/www.pentarealestate.com\\\/sk\\\/#website\"},\"primaryImageOfPage\":{\"@id\":\"https:\\\/\\\/www.pentarealestate.com\\\/sk\\\/kariera\\\/#primaryimage\"},\"image\":{\"@id\":\"https:\\\/\\\/www.pentarealestate.com\\\/sk\\\/kariera\\\/#primaryimage\"},\"thumbnailUrl\":\"https:\\\/\\\/www.pentarealestate.com\\\/wp-content\\\/uploads\\\/2024\\\/05\\\/dsc08253-scaled.jpg\",\"datePublished\":\"2024-04-20T08:09:04+00:00\",\"dateModified\":\"2026-04-08T09:22:59+00:00\",\"description\":\"Our mission is to create. It is more than just a job; it is about having the courage to break free from established patterns, bringing modern architecture and functional urbanism to forgotten places in the hearts of capital cities.\",\"breadcrumb\":{\"@id\":\"https:\\\/\\\/www.pentarealestate.com\\\/sk\\\/kariera\\\/#breadcrumb\"},\"inLanguage\":\"sk-SK\",\"potentialAction\":[{\"@type\":\"ReadAction\",\"target\":[\"https:\\\/\\\/www.pentarealestate.com\\\/sk\\\/kariera\\\/\"]}]},{\"@type\":\"ImageObject\",\"inLanguage\":\"sk-SK\",\"@id\":\"https:\\\/\\\/www.pentarealestate.com\\\/sk\\\/kariera\\\/#primaryimage\",\"url\":\"https:\\\/\\\/www.pentarealestate.com\\\/wp-content\\\/uploads\\\/2024\\\/05\\\/dsc08253-scaled.jpg\",\"contentUrl\":\"https:\\\/\\\/www.pentarealestate.com\\\/wp-content\\\/uploads\\\/2024\\\/05\\\/dsc08253-scaled.jpg\",\"width\":2560,\"height\":1707},{\"@type\":\"BreadcrumbList\",\"@id\":\"https:\\\/\\\/www.pentarealestate.com\\\/sk\\\/kariera\\\/#breadcrumb\",\"itemListElement\":[{\"@type\":\"ListItem\",\"position\":1,\"name\":\"Home\",\"item\":\"https:\\\/\\\/www.pentarealestate.com\\\/sk\\\/\"},{\"@type\":\"ListItem\",\"position\":2,\"name\":\"Kari\u00e9ra\"}]},{\"@type\":\"WebSite\",\"@id\":\"https:\\\/\\\/www.pentarealestate.com\\\/sk\\\/#website\",\"url\":\"https:\\\/\\\/www.pentarealestate.com\\\/sk\\\/\",\"name\":\"Penta Real Estate\",\"description\":\"Courage to Create\",\"potentialAction\":[{\"@type\":\"SearchAction\",\"target\":{\"@type\":\"EntryPoint\",\"urlTemplate\":\"https:\\\/\\\/www.pentarealestate.com\\\/sk\\\/?s={search_term_string}\"},\"query-input\":{\"@type\":\"PropertyValueSpecification\",\"valueRequired\":true,\"valueName\":\"search_term_string\"}}],\"inLanguage\":\"sk-SK\"}]}<\/script>\n<!-- \/ Yoast SEO plugin. -->","yoast_head_json":{"title":"Kari\u00e9ra - Penta Real Estate","description":"Our mission is to create. It is more than just a job; it is about having the courage to break free from established patterns, bringing modern architecture and functional urbanism to forgotten places in the hearts of capital cities.","robots":{"index":"index","follow":"follow","max-snippet":"max-snippet:-1","max-image-preview":"max-image-preview:large","max-video-preview":"max-video-preview:-1"},"canonical":"https:\/\/www.pentarealestate.com\/sk\/kariera\/","og_locale":"sk_SK","og_type":"article","og_title":"Kari\u00e9ra - Penta Real Estate","og_description":"Our mission is to create. It is more than just a job; it is about having the courage to break free from established patterns, bringing modern architecture and functional urbanism to forgotten places in the hearts of capital cities.","og_url":"https:\/\/www.pentarealestate.com\/sk\/kariera\/","og_site_name":"Penta Real Estate","article_publisher":"https:\/\/www.facebook.com\/RealEstatePenta\/","article_modified_time":"2026-04-08T09:22:59+00:00","og_image":[{"width":2560,"height":1707,"url":"https:\/\/www.pentarealestate.com\/wp-content\/uploads\/2024\/05\/dsc08253-scaled.jpg","type":"image\/jpeg"}],"twitter_card":"summary_large_image","twitter_misc":{"Predpokladan\u00fd \u010das \u010d\u00edtania":"9 min\u00fat"},"schema":{"@context":"https:\/\/schema.org","@graph":[{"@type":"WebPage","@id":"https:\/\/www.pentarealestate.com\/sk\/kariera\/","url":"https:\/\/www.pentarealestate.com\/sk\/kariera\/","name":"Kari\u00e9ra - Penta Real Estate","isPartOf":{"@id":"https:\/\/www.pentarealestate.com\/sk\/#website"},"primaryImageOfPage":{"@id":"https:\/\/www.pentarealestate.com\/sk\/kariera\/#primaryimage"},"image":{"@id":"https:\/\/www.pentarealestate.com\/sk\/kariera\/#primaryimage"},"thumbnailUrl":"https:\/\/www.pentarealestate.com\/wp-content\/uploads\/2024\/05\/dsc08253-scaled.jpg","datePublished":"2024-04-20T08:09:04+00:00","dateModified":"2026-04-08T09:22:59+00:00","description":"Our mission is to create. It is more than just a job; it is about having the courage to break free from established patterns, bringing modern architecture and functional urbanism to forgotten places in the hearts of capital cities.","breadcrumb":{"@id":"https:\/\/www.pentarealestate.com\/sk\/kariera\/#breadcrumb"},"inLanguage":"sk-SK","potentialAction":[{"@type":"ReadAction","target":["https:\/\/www.pentarealestate.com\/sk\/kariera\/"]}]},{"@type":"ImageObject","inLanguage":"sk-SK","@id":"https:\/\/www.pentarealestate.com\/sk\/kariera\/#primaryimage","url":"https:\/\/www.pentarealestate.com\/wp-content\/uploads\/2024\/05\/dsc08253-scaled.jpg","contentUrl":"https:\/\/www.pentarealestate.com\/wp-content\/uploads\/2024\/05\/dsc08253-scaled.jpg","width":2560,"height":1707},{"@type":"BreadcrumbList","@id":"https:\/\/www.pentarealestate.com\/sk\/kariera\/#breadcrumb","itemListElement":[{"@type":"ListItem","position":1,"name":"Home","item":"https:\/\/www.pentarealestate.com\/sk\/"},{"@type":"ListItem","position":2,"name":"Kari\u00e9ra"}]},{"@type":"WebSite","@id":"https:\/\/www.pentarealestate.com\/sk\/#website","url":"https:\/\/www.pentarealestate.com\/sk\/","name":"Penta Real Estate","description":"Courage to Create","potentialAction":[{"@type":"SearchAction","target":{"@type":"EntryPoint","urlTemplate":"https:\/\/www.pentarealestate.com\/sk\/?s={search_term_string}"},"query-input":{"@type":"PropertyValueSpecification","valueRequired":true,"valueName":"search_term_string"}}],"inLanguage":"sk-SK"}]}},"_links":{"self":[{"href":"https:\/\/www.pentarealestate.com\/sk\/wp-json\/wp\/v2\/pages\/15652","targetHints":{"allow":["GET"]}}],"collection":[{"href":"https:\/\/www.pentarealestate.com\/sk\/wp-json\/wp\/v2\/pages"}],"about":[{"href":"https:\/\/www.pentarealestate.com\/sk\/wp-json\/wp\/v2\/types\/page"}],"author":[{"embeddable":true,"href":"https:\/\/www.pentarealestate.com\/sk\/wp-json\/wp\/v2\/users\/1"}],"replies":[{"embeddable":true,"href":"https:\/\/www.pentarealestate.com\/sk\/wp-json\/wp\/v2\/comments?post=15652"}],"version-history":[{"count":18,"href":"https:\/\/www.pentarealestate.com\/sk\/wp-json\/wp\/v2\/pages\/15652\/revisions"}],"predecessor-version":[{"id":28260,"href":"https:\/\/www.pentarealestate.com\/sk\/wp-json\/wp\/v2\/pages\/15652\/revisions\/28260"}],"wp:featuredmedia":[{"embeddable":true,"href":"https:\/\/www.pentarealestate.com\/sk\/wp-json\/wp\/v2\/media\/16613"}],"wp:attachment":[{"href":"https:\/\/www.pentarealestate.com\/sk\/wp-json\/wp\/v2\/media?parent=15652"}],"curies":[{"name":"wp","href":"https:\/\/api.w.org\/{rel}","templated":true}]}}