{"id":15641,"date":"2024-04-20T10:08:50","date_gmt":"2024-04-20T08:08:50","guid":{"rendered":"https:\/\/www.pentarealestate.com\/commercial\/"},"modified":"2024-05-30T13:46:26","modified_gmt":"2024-05-30T11:46:26","slug":"komercne-projekty","status":"publish","type":"page","link":"https:\/\/www.pentarealestate.com\/sk\/komercne-projekty\/","title":{"rendered":"Komer\u010dn\u00e9 projekty"},"content":{"rendered":"","protected":false},"excerpt":{"rendered":"","protected":false},"author":1,"featured_media":21265,"parent":0,"menu_order":0,"comment_status":"closed","ping_status":"closed","template":"page-commercial.php","meta":{"_acf_changed":false,"inline_featured_image":false,"footnotes":""},"class_list":["post-15641","page","type-page","status-publish","has-post-thumbnail","hentry"],"acf":[],"yoast_head":"<!-- This site is optimized with the Yoast SEO plugin v27.4 - https:\/\/yoast.com\/product\/yoast-seo-wordpress\/ -->\n<title>Komer\u010dn\u00e9 projekty - Penta Real Estate<\/title>\n<meta name=\"robots\" content=\"index, follow, max-snippet:-1, max-image-preview:large, max-video-preview:-1\" \/>\n<link rel=\"canonical\" href=\"https:\/\/www.pentarealestate.com\/sk\/komercne-projekty\/\" \/>\n<meta property=\"og:locale\" content=\"sk_SK\" \/>\n<meta property=\"og:type\" content=\"article\" \/>\n<meta property=\"og:title\" content=\"Komer\u010dn\u00e9 projekty - Penta Real Estate\" \/>\n<meta property=\"og:url\" content=\"https:\/\/www.pentarealestate.com\/sk\/komercne-projekty\/\" \/>\n<meta property=\"og:site_name\" content=\"Penta Real Estate\" \/>\n<meta property=\"article:publisher\" content=\"https:\/\/www.facebook.com\/RealEstatePenta\/\" \/>\n<meta property=\"article:modified_time\" content=\"2024-05-30T11:46:26+00:00\" \/>\n<meta property=\"og:image\" content=\"https:\/\/www.pentarealestate.com\/wp-content\/uploads\/2024\/05\/2eb656df19934e0469347e58ee661e84.jpeg\" \/>\n\t<meta property=\"og:image:width\" content=\"1020\" \/>\n\t<meta property=\"og:image:height\" content=\"1020\" \/>\n\t<meta property=\"og:image:type\" content=\"image\/jpeg\" \/>\n<meta name=\"twitter:card\" content=\"summary_large_image\" \/>\n<meta name=\"twitter:label1\" content=\"Predpokladan\u00fd \u010das \u010d\u00edtania\" \/>\n\t<meta name=\"twitter:data1\" content=\"1 min\u00fata\" \/>\n<script type=\"application\/ld+json\" class=\"yoast-schema-graph\">{\"@context\":\"https:\\\/\\\/schema.org\",\"@graph\":[{\"@type\":\"WebPage\",\"@id\":\"https:\\\/\\\/www.pentarealestate.com\\\/sk\\\/komercne-projekty\\\/\",\"url\":\"https:\\\/\\\/www.pentarealestate.com\\\/sk\\\/komercne-projekty\\\/\",\"name\":\"Komer\u010dn\u00e9 projekty - Penta Real Estate\",\"isPartOf\":{\"@id\":\"https:\\\/\\\/www.pentarealestate.com\\\/sk\\\/#website\"},\"primaryImageOfPage\":{\"@id\":\"https:\\\/\\\/www.pentarealestate.com\\\/sk\\\/komercne-projekty\\\/#primaryimage\"},\"image\":{\"@id\":\"https:\\\/\\\/www.pentarealestate.com\\\/sk\\\/komercne-projekty\\\/#primaryimage\"},\"thumbnailUrl\":\"https:\\\/\\\/www.pentarealestate.com\\\/wp-content\\\/uploads\\\/2025\\\/02\\\/324_KLASKA_Hybernska_Corner_update_b-Copy-scaled.jpg\",\"datePublished\":\"2024-04-20T08:08:50+00:00\",\"dateModified\":\"2024-05-30T11:46:26+00:00\",\"breadcrumb\":{\"@id\":\"https:\\\/\\\/www.pentarealestate.com\\\/sk\\\/komercne-projekty\\\/#breadcrumb\"},\"inLanguage\":\"sk-SK\",\"potentialAction\":[{\"@type\":\"ReadAction\",\"target\":[\"https:\\\/\\\/www.pentarealestate.com\\\/sk\\\/komercne-projekty\\\/\"]}]},{\"@type\":\"ImageObject\",\"inLanguage\":\"sk-SK\",\"@id\":\"https:\\\/\\\/www.pentarealestate.com\\\/sk\\\/komercne-projekty\\\/#primaryimage\",\"url\":\"https:\\\/\\\/www.pentarealestate.com\\\/wp-content\\\/uploads\\\/2025\\\/02\\\/324_KLASKA_Hybernska_Corner_update_b-Copy-scaled.jpg\",\"contentUrl\":\"https:\\\/\\\/www.pentarealestate.com\\\/wp-content\\\/uploads\\\/2025\\\/02\\\/324_KLASKA_Hybernska_Corner_update_b-Copy-scaled.jpg\",\"width\":2560,\"height\":1810},{\"@type\":\"BreadcrumbList\",\"@id\":\"https:\\\/\\\/www.pentarealestate.com\\\/sk\\\/komercne-projekty\\\/#breadcrumb\",\"itemListElement\":[{\"@type\":\"ListItem\",\"position\":1,\"name\":\"Home\",\"item\":\"https:\\\/\\\/www.pentarealestate.com\\\/sk\\\/\"},{\"@type\":\"ListItem\",\"position\":2,\"name\":\"Komer\u010dn\u00e9 projekty\"}]},{\"@type\":\"WebSite\",\"@id\":\"https:\\\/\\\/www.pentarealestate.com\\\/sk\\\/#website\",\"url\":\"https:\\\/\\\/www.pentarealestate.com\\\/sk\\\/\",\"name\":\"Penta Real Estate\",\"description\":\"Courage to Create\",\"potentialAction\":[{\"@type\":\"SearchAction\",\"target\":{\"@type\":\"EntryPoint\",\"urlTemplate\":\"https:\\\/\\\/www.pentarealestate.com\\\/sk\\\/?s={search_term_string}\"},\"query-input\":{\"@type\":\"PropertyValueSpecification\",\"valueRequired\":true,\"valueName\":\"search_term_string\"}}],\"inLanguage\":\"sk-SK\"}]}<\/script>\n<!-- \/ Yoast SEO plugin. -->","yoast_head_json":{"title":"Komer\u010dn\u00e9 projekty - Penta Real Estate","robots":{"index":"index","follow":"follow","max-snippet":"max-snippet:-1","max-image-preview":"max-image-preview:large","max-video-preview":"max-video-preview:-1"},"canonical":"https:\/\/www.pentarealestate.com\/sk\/komercne-projekty\/","og_locale":"sk_SK","og_type":"article","og_title":"Komer\u010dn\u00e9 projekty - Penta Real Estate","og_url":"https:\/\/www.pentarealestate.com\/sk\/komercne-projekty\/","og_site_name":"Penta Real Estate","article_publisher":"https:\/\/www.facebook.com\/RealEstatePenta\/","article_modified_time":"2024-05-30T11:46:26+00:00","og_image":[{"width":1020,"height":1020,"url":"https:\/\/www.pentarealestate.com\/wp-content\/uploads\/2024\/05\/2eb656df19934e0469347e58ee661e84.jpeg","type":"image\/jpeg"}],"twitter_card":"summary_large_image","twitter_misc":{"Predpokladan\u00fd \u010das \u010d\u00edtania":"1 min\u00fata"},"schema":{"@context":"https:\/\/schema.org","@graph":[{"@type":"WebPage","@id":"https:\/\/www.pentarealestate.com\/sk\/komercne-projekty\/","url":"https:\/\/www.pentarealestate.com\/sk\/komercne-projekty\/","name":"Komer\u010dn\u00e9 projekty - Penta Real Estate","isPartOf":{"@id":"https:\/\/www.pentarealestate.com\/sk\/#website"},"primaryImageOfPage":{"@id":"https:\/\/www.pentarealestate.com\/sk\/komercne-projekty\/#primaryimage"},"image":{"@id":"https:\/\/www.pentarealestate.com\/sk\/komercne-projekty\/#primaryimage"},"thumbnailUrl":"https:\/\/www.pentarealestate.com\/wp-content\/uploads\/2025\/02\/324_KLASKA_Hybernska_Corner_update_b-Copy-scaled.jpg","datePublished":"2024-04-20T08:08:50+00:00","dateModified":"2024-05-30T11:46:26+00:00","breadcrumb":{"@id":"https:\/\/www.pentarealestate.com\/sk\/komercne-projekty\/#breadcrumb"},"inLanguage":"sk-SK","potentialAction":[{"@type":"ReadAction","target":["https:\/\/www.pentarealestate.com\/sk\/komercne-projekty\/"]}]},{"@type":"ImageObject","inLanguage":"sk-SK","@id":"https:\/\/www.pentarealestate.com\/sk\/komercne-projekty\/#primaryimage","url":"https:\/\/www.pentarealestate.com\/wp-content\/uploads\/2025\/02\/324_KLASKA_Hybernska_Corner_update_b-Copy-scaled.jpg","contentUrl":"https:\/\/www.pentarealestate.com\/wp-content\/uploads\/2025\/02\/324_KLASKA_Hybernska_Corner_update_b-Copy-scaled.jpg","width":2560,"height":1810},{"@type":"BreadcrumbList","@id":"https:\/\/www.pentarealestate.com\/sk\/komercne-projekty\/#breadcrumb","itemListElement":[{"@type":"ListItem","position":1,"name":"Home","item":"https:\/\/www.pentarealestate.com\/sk\/"},{"@type":"ListItem","position":2,"name":"Komer\u010dn\u00e9 projekty"}]},{"@type":"WebSite","@id":"https:\/\/www.pentarealestate.com\/sk\/#website","url":"https:\/\/www.pentarealestate.com\/sk\/","name":"Penta Real Estate","description":"Courage to Create","potentialAction":[{"@type":"SearchAction","target":{"@type":"EntryPoint","urlTemplate":"https:\/\/www.pentarealestate.com\/sk\/?s={search_term_string}"},"query-input":{"@type":"PropertyValueSpecification","valueRequired":true,"valueName":"search_term_string"}}],"inLanguage":"sk-SK"}]}},"_links":{"self":[{"href":"https:\/\/www.pentarealestate.com\/sk\/wp-json\/wp\/v2\/pages\/15641","targetHints":{"allow":["GET"]}}],"collection":[{"href":"https:\/\/www.pentarealestate.com\/sk\/wp-json\/wp\/v2\/pages"}],"about":[{"href":"https:\/\/www.pentarealestate.com\/sk\/wp-json\/wp\/v2\/types\/page"}],"author":[{"embeddable":true,"href":"https:\/\/www.pentarealestate.com\/sk\/wp-json\/wp\/v2\/users\/1"}],"replies":[{"embeddable":true,"href":"https:\/\/www.pentarealestate.com\/sk\/wp-json\/wp\/v2\/comments?post=15641"}],"version-history":[{"count":0,"href":"https:\/\/www.pentarealestate.com\/sk\/wp-json\/wp\/v2\/pages\/15641\/revisions"}],"wp:featuredmedia":[{"embeddable":true,"href":"https:\/\/www.pentarealestate.com\/sk\/wp-json\/wp\/v2\/media\/21265"}],"wp:attachment":[{"href":"https:\/\/www.pentarealestate.com\/sk\/wp-json\/wp\/v2\/media?parent=15641"}],"curies":[{"name":"wp","href":"https:\/\/api.w.org\/{rel}","templated":true}]}}