{"id":17757,"date":"2024-03-18T15:38:19","date_gmt":"2024-03-18T14:38:19","guid":{"rendered":"https:\/\/www.pentarealestate.com\/ochrana-sukromia\/"},"modified":"2025-11-26T21:26:32","modified_gmt":"2025-11-26T20:26:32","slug":"gdpr","status":"publish","type":"page","link":"https:\/\/www.pentarealestate.com\/en\/gdpr\/","title":{"rendered":"GDPR"},"content":{"rendered":"<h3 class=\"file-header\">Dokumenty<\/h3>\n<ul>\n<li><a href=\"https:\/\/www.pentarealestate.com\/wp-content\/uploads\/2024\/05\/informace-o-zpracovani-ou-za-ucelem-marketingu.pdf\" target=\" rel=\" rel=\"noopener\">Informace o zpracov\u00e1n\u00ed osobn\u00edch \u00fadaj\u016f za \u00fa\u010delem marketingu<\/a><\/li>\n<li><a href=\"https:\/\/www.pentarealestate.com\/wp-content\/uploads\/2024\/05\/obecny-souhrn-infromaci-o-zpracovani-osobnich-udaju-08-2020.pdf\" target=\"_blank\" rel=\"noopener\">Obecn\u00fd souhrn informac\u00ed ohledn\u011b zpracov\u00e1n\u00ed osobn\u00edch \u00fadaj\u016f<\/a><\/li>\n<li><a href=\"https:\/\/www.pentarealestate.com\/wp-content\/uploads\/2024\/05\/informace-o-cookies.pdf\" target=\"_blank\" rel=\"noopener\">Informace o cookies<\/a><\/li>\n<li><a href=\"https:\/\/www.pentarealestate.com\/wp-content\/uploads\/2024\/05\/odvolani-souhlasu-se-zpracovanim-ou.pdf\" target=\"_blank\" rel=\"noopener\">Odvol\u00e1n\u00ed souhlasu se zpracov\u00e1n\u00edm osobn\u00edch \u00fadaj\u016f<\/a><\/li>\n<li><a href=\"https:\/\/www.pentarealestate.com\/wp-content\/uploads\/2025\/10\/Seznam-spolecnych-spravcu-251022.pdf\" target=\"_blank\" rel=\"noopener\">Seznam spole\u010dn\u00fdch spr\u00e1vc\u016f\u00a0<\/a><\/li>\n<li><a href=\"https:\/\/www.pentarealestate.com\/wp-content\/uploads\/2025\/04\/Informacia-pre-zaujemcov-o-aktualne-obsadzovanu-pracovnu-poziciu.pdf\">Inform\u00e1cia pre z\u00e1ujemcov o aktu\u00e1lne obsadzovan\u00fa pracovn\u00fa poz\u00edciu<\/a><\/li>\n<li><a href=\"https:\/\/www.pentarealestate.com\/wp-content\/uploads\/2025\/04\/Suhlas-so-spracuvanim-osobnych-udajov-za-ucelom-evidencie-zaujmu-o-zamestnanie-v-spolocnosti-Penta-Real-Estate-s.-r.-o.pdf\">S\u00fahlas so sprac\u00favan\u00edm osobn\u00fdch \u00fadajov za \u00fa\u010delom evidencie z\u00e1ujmu o zamestnanie v spolo\u010dnosti Penta Real Estate, s. r. o.<\/a><\/li>\n<\/ul>\n","protected":false},"excerpt":{"rendered":"<p>Dokumenty Informace o zpracov\u00e1n\u00ed osobn\u00edch \u00fadaj\u016f za \u00fa\u010delem marketingu Obecn\u00fd souhrn informac\u00ed ohledn\u011b zpracov\u00e1n\u00ed osobn\u00edch \u00fadaj\u016f Informace o cookies Odvol\u00e1n\u00ed souhlasu se zpracov\u00e1n\u00edm osobn\u00edch \u00fadaj\u016f Seznam spole\u010dn\u00fdch spr\u00e1vc\u016f\u00a0 Inform\u00e1cia pre z\u00e1ujemcov o aktu\u00e1lne obsadzovan\u00fa pracovn\u00fa poz\u00edciu S\u00fahlas so sprac\u00favan\u00edm osobn\u00fdch \u00fadajov za \u00fa\u010delom evidencie z\u00e1ujmu o zamestnanie v spolo\u010dnosti Penta Real Estate, s. r. o.<\/p>\n","protected":false},"author":1,"featured_media":0,"parent":0,"menu_order":0,"comment_status":"closed","ping_status":"open","template":"","meta":{"_acf_changed":false,"inline_featured_image":false,"footnotes":""},"class_list":["post-17757","page","type-page","status-publish","hentry"],"acf":[],"yoast_head":"<!-- This site is optimized with the Yoast SEO plugin v27.5 - https:\/\/yoast.com\/product\/yoast-seo-wordpress\/ -->\n<title>GDPR - Penta Real Estate<\/title>\n<meta name=\"robots\" content=\"index, follow, max-snippet:-1, max-image-preview:large, max-video-preview:-1\" \/>\n<link rel=\"canonical\" href=\"https:\/\/www.pentarealestate.com\/en\/gdpr\/\" \/>\n<meta property=\"og:locale\" content=\"en_US\" \/>\n<meta property=\"og:type\" content=\"article\" \/>\n<meta property=\"og:title\" content=\"GDPR - Penta Real Estate\" \/>\n<meta property=\"og:description\" content=\"Dokumenty Informace o zpracov\u00e1n\u00ed osobn\u00edch \u00fadaj\u016f za \u00fa\u010delem marketingu Obecn\u00fd souhrn informac\u00ed ohledn\u011b zpracov\u00e1n\u00ed osobn\u00edch \u00fadaj\u016f Informace o cookies Odvol\u00e1n\u00ed souhlasu se zpracov\u00e1n\u00edm osobn\u00edch \u00fadaj\u016f Seznam spole\u010dn\u00fdch spr\u00e1vc\u016f\u00a0 Inform\u00e1cia pre z\u00e1ujemcov o aktu\u00e1lne obsadzovan\u00fa pracovn\u00fa poz\u00edciu S\u00fahlas so sprac\u00favan\u00edm osobn\u00fdch \u00fadajov za \u00fa\u010delom evidencie z\u00e1ujmu o zamestnanie v spolo\u010dnosti Penta Real Estate, s. r. o.\" \/>\n<meta property=\"og:url\" content=\"https:\/\/www.pentarealestate.com\/en\/gdpr\/\" \/>\n<meta property=\"og:site_name\" content=\"Penta Real Estate\" \/>\n<meta property=\"article:publisher\" content=\"https:\/\/www.facebook.com\/RealEstatePenta\/\" \/>\n<meta property=\"article:modified_time\" content=\"2025-11-26T20:26:32+00:00\" \/>\n<meta property=\"og:image\" content=\"https:\/\/www.pentarealestate.com\/wp-content\/uploads\/2024\/05\/1-1-scaled.jpg\" \/>\n\t<meta property=\"og:image:width\" content=\"2560\" \/>\n\t<meta property=\"og:image:height\" content=\"1706\" \/>\n\t<meta property=\"og:image:type\" content=\"image\/jpeg\" \/>\n<meta name=\"twitter:card\" content=\"summary_large_image\" \/>\n<meta name=\"twitter:label1\" content=\"Est. reading time\" \/>\n\t<meta name=\"twitter:data1\" content=\"1 minute\" \/>\n<script type=\"application\/ld+json\" class=\"yoast-schema-graph\">{\"@context\":\"https:\\\/\\\/schema.org\",\"@graph\":[{\"@type\":\"WebPage\",\"@id\":\"https:\\\/\\\/www.pentarealestate.com\\\/en\\\/gdpr\\\/\",\"url\":\"https:\\\/\\\/www.pentarealestate.com\\\/en\\\/gdpr\\\/\",\"name\":\"GDPR - Penta Real Estate\",\"isPartOf\":{\"@id\":\"https:\\\/\\\/www.pentarealestate.com\\\/en\\\/#website\"},\"datePublished\":\"2024-03-18T14:38:19+00:00\",\"dateModified\":\"2025-11-26T20:26:32+00:00\",\"breadcrumb\":{\"@id\":\"https:\\\/\\\/www.pentarealestate.com\\\/en\\\/gdpr\\\/#breadcrumb\"},\"inLanguage\":\"en-US\",\"potentialAction\":[{\"@type\":\"ReadAction\",\"target\":[\"https:\\\/\\\/www.pentarealestate.com\\\/en\\\/gdpr\\\/\"]}]},{\"@type\":\"BreadcrumbList\",\"@id\":\"https:\\\/\\\/www.pentarealestate.com\\\/en\\\/gdpr\\\/#breadcrumb\",\"itemListElement\":[{\"@type\":\"ListItem\",\"position\":1,\"name\":\"Home\",\"item\":\"https:\\\/\\\/www.pentarealestate.com\\\/en\\\/\"},{\"@type\":\"ListItem\",\"position\":2,\"name\":\"GDPR\"}]},{\"@type\":\"WebSite\",\"@id\":\"https:\\\/\\\/www.pentarealestate.com\\\/en\\\/#website\",\"url\":\"https:\\\/\\\/www.pentarealestate.com\\\/en\\\/\",\"name\":\"Penta Real Estate\",\"description\":\"Courage to Create\",\"potentialAction\":[{\"@type\":\"SearchAction\",\"target\":{\"@type\":\"EntryPoint\",\"urlTemplate\":\"https:\\\/\\\/www.pentarealestate.com\\\/en\\\/?s={search_term_string}\"},\"query-input\":{\"@type\":\"PropertyValueSpecification\",\"valueRequired\":true,\"valueName\":\"search_term_string\"}}],\"inLanguage\":\"en-US\"}]}<\/script>\n<!-- \/ Yoast SEO plugin. -->","yoast_head_json":{"title":"GDPR - Penta Real Estate","robots":{"index":"index","follow":"follow","max-snippet":"max-snippet:-1","max-image-preview":"max-image-preview:large","max-video-preview":"max-video-preview:-1"},"canonical":"https:\/\/www.pentarealestate.com\/en\/gdpr\/","og_locale":"en_US","og_type":"article","og_title":"GDPR - Penta Real Estate","og_description":"Dokumenty Informace o zpracov\u00e1n\u00ed osobn\u00edch \u00fadaj\u016f za \u00fa\u010delem marketingu Obecn\u00fd souhrn informac\u00ed ohledn\u011b zpracov\u00e1n\u00ed osobn\u00edch \u00fadaj\u016f Informace o cookies Odvol\u00e1n\u00ed souhlasu se zpracov\u00e1n\u00edm osobn\u00edch \u00fadaj\u016f Seznam spole\u010dn\u00fdch spr\u00e1vc\u016f\u00a0 Inform\u00e1cia pre z\u00e1ujemcov o aktu\u00e1lne obsadzovan\u00fa pracovn\u00fa poz\u00edciu S\u00fahlas so sprac\u00favan\u00edm osobn\u00fdch \u00fadajov za \u00fa\u010delom evidencie z\u00e1ujmu o zamestnanie v spolo\u010dnosti Penta Real Estate, s. r. o.","og_url":"https:\/\/www.pentarealestate.com\/en\/gdpr\/","og_site_name":"Penta Real Estate","article_publisher":"https:\/\/www.facebook.com\/RealEstatePenta\/","article_modified_time":"2025-11-26T20:26:32+00:00","og_image":[{"width":2560,"height":1706,"url":"https:\/\/www.pentarealestate.com\/wp-content\/uploads\/2024\/05\/1-1-scaled.jpg","type":"image\/jpeg"}],"twitter_card":"summary_large_image","twitter_misc":{"Est. reading time":"1 minute"},"schema":{"@context":"https:\/\/schema.org","@graph":[{"@type":"WebPage","@id":"https:\/\/www.pentarealestate.com\/en\/gdpr\/","url":"https:\/\/www.pentarealestate.com\/en\/gdpr\/","name":"GDPR - Penta Real Estate","isPartOf":{"@id":"https:\/\/www.pentarealestate.com\/en\/#website"},"datePublished":"2024-03-18T14:38:19+00:00","dateModified":"2025-11-26T20:26:32+00:00","breadcrumb":{"@id":"https:\/\/www.pentarealestate.com\/en\/gdpr\/#breadcrumb"},"inLanguage":"en-US","potentialAction":[{"@type":"ReadAction","target":["https:\/\/www.pentarealestate.com\/en\/gdpr\/"]}]},{"@type":"BreadcrumbList","@id":"https:\/\/www.pentarealestate.com\/en\/gdpr\/#breadcrumb","itemListElement":[{"@type":"ListItem","position":1,"name":"Home","item":"https:\/\/www.pentarealestate.com\/en\/"},{"@type":"ListItem","position":2,"name":"GDPR"}]},{"@type":"WebSite","@id":"https:\/\/www.pentarealestate.com\/en\/#website","url":"https:\/\/www.pentarealestate.com\/en\/","name":"Penta Real Estate","description":"Courage to Create","potentialAction":[{"@type":"SearchAction","target":{"@type":"EntryPoint","urlTemplate":"https:\/\/www.pentarealestate.com\/en\/?s={search_term_string}"},"query-input":{"@type":"PropertyValueSpecification","valueRequired":true,"valueName":"search_term_string"}}],"inLanguage":"en-US"}]}},"_links":{"self":[{"href":"https:\/\/www.pentarealestate.com\/en\/wp-json\/wp\/v2\/pages\/17757","targetHints":{"allow":["GET"]}}],"collection":[{"href":"https:\/\/www.pentarealestate.com\/en\/wp-json\/wp\/v2\/pages"}],"about":[{"href":"https:\/\/www.pentarealestate.com\/en\/wp-json\/wp\/v2\/types\/page"}],"author":[{"embeddable":true,"href":"https:\/\/www.pentarealestate.com\/en\/wp-json\/wp\/v2\/users\/1"}],"replies":[{"embeddable":true,"href":"https:\/\/www.pentarealestate.com\/en\/wp-json\/wp\/v2\/comments?post=17757"}],"version-history":[{"count":8,"href":"https:\/\/www.pentarealestate.com\/en\/wp-json\/wp\/v2\/pages\/17757\/revisions"}],"predecessor-version":[{"id":26081,"href":"https:\/\/www.pentarealestate.com\/en\/wp-json\/wp\/v2\/pages\/17757\/revisions\/26081"}],"wp:attachment":[{"href":"https:\/\/www.pentarealestate.com\/en\/wp-json\/wp\/v2\/media?parent=17757"}],"curies":[{"name":"wp","href":"https:\/\/api.w.org\/{rel}","templated":true}]}}