{"id":17867,"date":"2024-05-30T15:50:20","date_gmt":"2024-05-30T13:50:20","guid":{"rendered":"https:\/\/www.pentarealestate.com\/cookies\/"},"modified":"2024-08-21T16:30:53","modified_gmt":"2024-08-21T14:30:53","slug":"cookies","status":"publish","type":"page","link":"https:\/\/www.pentarealestate.com\/cs\/cookies\/","title":{"rendered":"Cookies"},"content":{"rendered":"<p><a href=\"https:\/\/www.pentarealestate.com\/wp-content\/uploads\/2024\/08\/Poucenie-o-spracuvani-suborov-cookies.pdf\">Pou\u010denie o sprac\u00favan\u00ed s\u00faborov cookies<\/a><\/p>\n","protected":false},"excerpt":{"rendered":"<p>Pou\u010denie o sprac\u00favan\u00ed s\u00faborov cookies<\/p>\n","protected":false},"author":1,"featured_media":0,"parent":0,"menu_order":0,"comment_status":"closed","ping_status":"closed","template":"","meta":{"_acf_changed":false,"inline_featured_image":false,"footnotes":""},"class_list":["post-17867","page","type-page","status-publish","hentry"],"acf":[],"yoast_head":"<!-- This site is optimized with the Yoast SEO plugin v27.5 - https:\/\/yoast.com\/product\/yoast-seo-wordpress\/ -->\n<title>Cookies - Penta Real Estate<\/title>\n<meta name=\"robots\" content=\"index, follow, max-snippet:-1, max-image-preview:large, max-video-preview:-1\" \/>\n<link rel=\"canonical\" href=\"https:\/\/www.pentarealestate.com\/cs\/cookies\/\" \/>\n<meta property=\"og:locale\" content=\"cs_CZ\" \/>\n<meta property=\"og:type\" content=\"article\" \/>\n<meta property=\"og:title\" content=\"Cookies - Penta Real Estate\" \/>\n<meta property=\"og:description\" content=\"Pou\u010denie o sprac\u00favan\u00ed s\u00faborov cookies\" \/>\n<meta property=\"og:url\" content=\"https:\/\/www.pentarealestate.com\/cs\/cookies\/\" \/>\n<meta property=\"og:site_name\" content=\"Penta Real Estate\" \/>\n<meta property=\"article:publisher\" content=\"https:\/\/www.facebook.com\/RealEstatePenta\/\" \/>\n<meta property=\"article:modified_time\" content=\"2024-08-21T14:30:53+00:00\" \/>\n<meta property=\"og:image\" content=\"https:\/\/www.pentarealestate.com\/wp-content\/uploads\/2024\/05\/1-1-scaled.jpg\" \/>\n\t<meta property=\"og:image:width\" content=\"2560\" \/>\n\t<meta property=\"og:image:height\" content=\"1706\" \/>\n\t<meta property=\"og:image:type\" content=\"image\/jpeg\" \/>\n<meta name=\"twitter:card\" content=\"summary_large_image\" \/>\n<meta name=\"twitter:label1\" content=\"Odhadovan\u00e1 doba \u010dten\u00ed\" \/>\n\t<meta name=\"twitter:data1\" content=\"1 minuta\" \/>\n<script type=\"application\/ld+json\" class=\"yoast-schema-graph\">{\"@context\":\"https:\\\/\\\/schema.org\",\"@graph\":[{\"@type\":\"WebPage\",\"@id\":\"https:\\\/\\\/www.pentarealestate.com\\\/cs\\\/cookies\\\/\",\"url\":\"https:\\\/\\\/www.pentarealestate.com\\\/cs\\\/cookies\\\/\",\"name\":\"Cookies - Penta Real Estate\",\"isPartOf\":{\"@id\":\"https:\\\/\\\/www.pentarealestate.com\\\/cs\\\/#website\"},\"datePublished\":\"2024-05-30T13:50:20+00:00\",\"dateModified\":\"2024-08-21T14:30:53+00:00\",\"breadcrumb\":{\"@id\":\"https:\\\/\\\/www.pentarealestate.com\\\/cs\\\/cookies\\\/#breadcrumb\"},\"inLanguage\":\"cs\",\"potentialAction\":[{\"@type\":\"ReadAction\",\"target\":[\"https:\\\/\\\/www.pentarealestate.com\\\/cs\\\/cookies\\\/\"]}]},{\"@type\":\"BreadcrumbList\",\"@id\":\"https:\\\/\\\/www.pentarealestate.com\\\/cs\\\/cookies\\\/#breadcrumb\",\"itemListElement\":[{\"@type\":\"ListItem\",\"position\":1,\"name\":\"Home\",\"item\":\"https:\\\/\\\/www.pentarealestate.com\\\/cs\\\/\"},{\"@type\":\"ListItem\",\"position\":2,\"name\":\"Cookies\"}]},{\"@type\":\"WebSite\",\"@id\":\"https:\\\/\\\/www.pentarealestate.com\\\/cs\\\/#website\",\"url\":\"https:\\\/\\\/www.pentarealestate.com\\\/cs\\\/\",\"name\":\"Penta Real Estate\",\"description\":\"Courage to Create\",\"potentialAction\":[{\"@type\":\"SearchAction\",\"target\":{\"@type\":\"EntryPoint\",\"urlTemplate\":\"https:\\\/\\\/www.pentarealestate.com\\\/cs\\\/?s={search_term_string}\"},\"query-input\":{\"@type\":\"PropertyValueSpecification\",\"valueRequired\":true,\"valueName\":\"search_term_string\"}}],\"inLanguage\":\"cs\"}]}<\/script>\n<!-- \/ Yoast SEO plugin. -->","yoast_head_json":{"title":"Cookies - Penta Real Estate","robots":{"index":"index","follow":"follow","max-snippet":"max-snippet:-1","max-image-preview":"max-image-preview:large","max-video-preview":"max-video-preview:-1"},"canonical":"https:\/\/www.pentarealestate.com\/cs\/cookies\/","og_locale":"cs_CZ","og_type":"article","og_title":"Cookies - Penta Real Estate","og_description":"Pou\u010denie o sprac\u00favan\u00ed s\u00faborov cookies","og_url":"https:\/\/www.pentarealestate.com\/cs\/cookies\/","og_site_name":"Penta Real Estate","article_publisher":"https:\/\/www.facebook.com\/RealEstatePenta\/","article_modified_time":"2024-08-21T14:30:53+00:00","og_image":[{"width":2560,"height":1706,"url":"https:\/\/www.pentarealestate.com\/wp-content\/uploads\/2024\/05\/1-1-scaled.jpg","type":"image\/jpeg"}],"twitter_card":"summary_large_image","twitter_misc":{"Odhadovan\u00e1 doba \u010dten\u00ed":"1 minuta"},"schema":{"@context":"https:\/\/schema.org","@graph":[{"@type":"WebPage","@id":"https:\/\/www.pentarealestate.com\/cs\/cookies\/","url":"https:\/\/www.pentarealestate.com\/cs\/cookies\/","name":"Cookies - Penta Real Estate","isPartOf":{"@id":"https:\/\/www.pentarealestate.com\/cs\/#website"},"datePublished":"2024-05-30T13:50:20+00:00","dateModified":"2024-08-21T14:30:53+00:00","breadcrumb":{"@id":"https:\/\/www.pentarealestate.com\/cs\/cookies\/#breadcrumb"},"inLanguage":"cs","potentialAction":[{"@type":"ReadAction","target":["https:\/\/www.pentarealestate.com\/cs\/cookies\/"]}]},{"@type":"BreadcrumbList","@id":"https:\/\/www.pentarealestate.com\/cs\/cookies\/#breadcrumb","itemListElement":[{"@type":"ListItem","position":1,"name":"Home","item":"https:\/\/www.pentarealestate.com\/cs\/"},{"@type":"ListItem","position":2,"name":"Cookies"}]},{"@type":"WebSite","@id":"https:\/\/www.pentarealestate.com\/cs\/#website","url":"https:\/\/www.pentarealestate.com\/cs\/","name":"Penta Real Estate","description":"Courage to Create","potentialAction":[{"@type":"SearchAction","target":{"@type":"EntryPoint","urlTemplate":"https:\/\/www.pentarealestate.com\/cs\/?s={search_term_string}"},"query-input":{"@type":"PropertyValueSpecification","valueRequired":true,"valueName":"search_term_string"}}],"inLanguage":"cs"}]}},"_links":{"self":[{"href":"https:\/\/www.pentarealestate.com\/cs\/wp-json\/wp\/v2\/pages\/17867","targetHints":{"allow":["GET"]}}],"collection":[{"href":"https:\/\/www.pentarealestate.com\/cs\/wp-json\/wp\/v2\/pages"}],"about":[{"href":"https:\/\/www.pentarealestate.com\/cs\/wp-json\/wp\/v2\/types\/page"}],"author":[{"embeddable":true,"href":"https:\/\/www.pentarealestate.com\/cs\/wp-json\/wp\/v2\/users\/1"}],"replies":[{"embeddable":true,"href":"https:\/\/www.pentarealestate.com\/cs\/wp-json\/wp\/v2\/comments?post=17867"}],"version-history":[{"count":0,"href":"https:\/\/www.pentarealestate.com\/cs\/wp-json\/wp\/v2\/pages\/17867\/revisions"}],"wp:attachment":[{"href":"https:\/\/www.pentarealestate.com\/cs\/wp-json\/wp\/v2\/media?parent=17867"}],"curies":[{"name":"wp","href":"https:\/\/api.w.org\/{rel}","templated":true}]}}